{"id":258,"date":"2022-05-12T07:08:08","date_gmt":"2022-05-12T05:08:08","guid":{"rendered":"https:\/\/sportlabuisse.wordpress.com\/?page_id=258"},"modified":"2026-01-15T06:34:53","modified_gmt":"2026-01-15T06:34:53","slug":"document-dinscription","status":"publish","type":"page","link":"https:\/\/www.budoclub.fr\/blog\/cours-de-self-defense\/document-dinscription\/","title":{"rendered":"Documents d&rsquo;inscription"},"content":{"rendered":"\n<pre class=\"wp-block-verse\"><strong>Voici la liste des documents \u00e0 fournir le jour de votre inscription:<\/strong>\n- Un certificat m\u00e9dical de moins de 2 mois, comportant la mention \"Apte \u00e0 la pratique des arts martiaux\".                                             \n- La fiche d'inscription dument remplie.   \n- Votre cotisation suivant l'activit\u00e9 que vous aurez choisie. Possibilit\u00e9 de faire 2 ch\u00e8ques (40\u20ac + 40\u20ac)                                                                                                             <\/pre>\n\n\n\n<p>Enregistrez cette photo sur votre PC et imprimez l\u00e0 en version A4. Vous n&rsquo;aurez ensuite plus qu&rsquo;\u00e0 la pr\u00e9senter lors de votre inscription. Rassurez vous si vous n&rsquo;avez pas d&rsquo;imprimante nous aurons des fiches d&rsquo;inscriptions vierges le jour ou vous viendrez. <\/p>\n\n\n\n<figure class=\"wp-block-image size-large\"><img loading=\"lazy\" decoding=\"async\" width=\"724\" height=\"1024\" src=\"https:\/\/www.budoclub.fr\/blog\/wp-content\/uploads\/2026\/01\/fiche-dinscription-Budo-et-Team-Evasion-1-724x1024.jpg\" alt=\"\" class=\"wp-image-954\" srcset=\"https:\/\/www.budoclub.fr\/blog\/wp-content\/uploads\/2026\/01\/fiche-dinscription-Budo-et-Team-Evasion-1-724x1024.jpg 724w, https:\/\/www.budoclub.fr\/blog\/wp-content\/uploads\/2026\/01\/fiche-dinscription-Budo-et-Team-Evasion-1-212x300.jpg 212w, https:\/\/www.budoclub.fr\/blog\/wp-content\/uploads\/2026\/01\/fiche-dinscription-Budo-et-Team-Evasion-1-768x1086.jpg 768w, https:\/\/www.budoclub.fr\/blog\/wp-content\/uploads\/2026\/01\/fiche-dinscription-Budo-et-Team-Evasion-1-1086x1536.jpg 1086w, https:\/\/www.budoclub.fr\/blog\/wp-content\/uploads\/2026\/01\/fiche-dinscription-Budo-et-Team-Evasion-1-600x849.jpg 600w, https:\/\/www.budoclub.fr\/blog\/wp-content\/uploads\/2026\/01\/fiche-dinscription-Budo-et-Team-Evasion-1.jpg 1240w\" sizes=\"auto, (max-width: 724px) 100vw, 724px\" \/><\/figure>\n","protected":false},"excerpt":{"rendered":"<p>Voici la liste des documents \u00e0 fournir le jour de votre inscription: &#8211; Un certificat m\u00e9dical de moins de 2 mois, comportant la mention \u00ab\u00a0Apte \u00e0 la pratique des arts martiaux\u00a0\u00bb. &#8211; La fiche d&rsquo;inscription dument remplie. &#8211; Votre cotisation suivant l&rsquo;activit\u00e9 que vous aurez choisie. Possibilit\u00e9 de faire 2 ch\u00e8ques (40\u20ac + 40\u20ac) Enregistrez [&hellip;]<\/p>\n","protected":false},"author":2,"featured_media":0,"parent":249,"menu_order":4,"comment_status":"closed","ping_status":"closed","template":"","meta":{"site-container-style":"default","site-container-layout":"default","site-sidebar-layout":"default","disable-article-header":"default","disable-site-header":"default","disable-site-footer":"default","disable-content-area-spacing":"default","footnotes":""},"class_list":["post-258","page","type-page","status-publish","hentry"],"_links":{"self":[{"href":"https:\/\/www.budoclub.fr\/blog\/wp-json\/wp\/v2\/pages\/258","targetHints":{"allow":["GET"]}}],"collection":[{"href":"https:\/\/www.budoclub.fr\/blog\/wp-json\/wp\/v2\/pages"}],"about":[{"href":"https:\/\/www.budoclub.fr\/blog\/wp-json\/wp\/v2\/types\/page"}],"author":[{"embeddable":true,"href":"https:\/\/www.budoclub.fr\/blog\/wp-json\/wp\/v2\/users\/2"}],"replies":[{"embeddable":true,"href":"https:\/\/www.budoclub.fr\/blog\/wp-json\/wp\/v2\/comments?post=258"}],"version-history":[{"count":3,"href":"https:\/\/www.budoclub.fr\/blog\/wp-json\/wp\/v2\/pages\/258\/revisions"}],"predecessor-version":[{"id":955,"href":"https:\/\/www.budoclub.fr\/blog\/wp-json\/wp\/v2\/pages\/258\/revisions\/955"}],"up":[{"embeddable":true,"href":"https:\/\/www.budoclub.fr\/blog\/wp-json\/wp\/v2\/pages\/249"}],"wp:attachment":[{"href":"https:\/\/www.budoclub.fr\/blog\/wp-json\/wp\/v2\/media?parent=258"}],"curies":[{"name":"wp","href":"https:\/\/api.w.org\/{rel}","templated":true}]}}