{"id":256,"date":"2022-05-12T07:07:00","date_gmt":"2022-05-12T05:07:00","guid":{"rendered":"https:\/\/sportlabuisse.wordpress.com\/?page_id=256"},"modified":"2024-06-01T07:55:27","modified_gmt":"2024-06-01T07:55:27","slug":"tarifs","status":"publish","type":"page","link":"https:\/\/www.budoclub.fr\/blog\/cours-de-self-defense\/tarifs\/","title":{"rendered":"Tarifs"},"content":{"rendered":"\n<ul class=\"wp-block-list\">\n<li>Pour les cours de <strong>self d\u00e9fense<\/strong> la cotisation est fix\u00e9e \u00e0 <strong>90\u20ac<\/strong> pour les nouveaux adh\u00e9rents et \u00e0 <strong>80\u20ac <\/strong>pour les anciens adh\u00e9rents. Elle comprend l&rsquo;assurance et les entrainements pour toute la saison. C&rsquo;est \u00e0 dire du 1er septembre de l&rsquo;ann\u00e9e en cours jusqu&rsquo;au 30 juin de l&rsquo;ann\u00e9e suivante. Elle donne aussi droit de participer gratuitement \u00e0 toutes les sorties organis\u00e9es par la Team de pr\u00e9paration physique (Rando, footing, trail, Urban training, MouvNat et Vtt)<\/li>\n<\/ul>\n\n\n\n<ul class=\"wp-block-list\">\n<li>Pour ceux qui ne veulent venir qu&rsquo;aux cours de <strong>pr\u00e9paration physique<\/strong>, (Rando, Footing, Trail, Urban training, MouvNat et Vtt), la cotisation est fix\u00e9e \u00e0 <strong>30\u20ac<\/strong>. Elle sert notamment \u00e0 l&rsquo;assurance lors de nos activit\u00e9s.<\/li>\n<\/ul>\n\n\n\n<p>Pour r\u00e9gler votre cotisation vous pouvez le faire par ch\u00e8que (possibilit\u00e9 de deux ch\u00e8ques) ou par virement bancaire. Vous trouverez notre RIB sur la feuille d&rsquo;inscription.<\/p>\n\n\n\n<p><strong>Feuille d&rsquo;inscription<\/strong><\/p>\n\n\n\n<figure class=\"wp-block-image size-large\"><img loading=\"lazy\" decoding=\"async\" width=\"724\" height=\"1024\" src=\"https:\/\/www.budoclub.fr\/blog\/wp-content\/uploads\/2024\/06\/fiche-dinscription-Budo-et-Team-Evasion-1-724x1024.jpg\" alt=\"\" class=\"wp-image-911\" srcset=\"https:\/\/www.budoclub.fr\/blog\/wp-content\/uploads\/2024\/06\/fiche-dinscription-Budo-et-Team-Evasion-1-724x1024.jpg 724w, https:\/\/www.budoclub.fr\/blog\/wp-content\/uploads\/2024\/06\/fiche-dinscription-Budo-et-Team-Evasion-1-212x300.jpg 212w, https:\/\/www.budoclub.fr\/blog\/wp-content\/uploads\/2024\/06\/fiche-dinscription-Budo-et-Team-Evasion-1-768x1086.jpg 768w, https:\/\/www.budoclub.fr\/blog\/wp-content\/uploads\/2024\/06\/fiche-dinscription-Budo-et-Team-Evasion-1-1086x1536.jpg 1086w, https:\/\/www.budoclub.fr\/blog\/wp-content\/uploads\/2024\/06\/fiche-dinscription-Budo-et-Team-Evasion-1-600x849.jpg 600w, https:\/\/www.budoclub.fr\/blog\/wp-content\/uploads\/2024\/06\/fiche-dinscription-Budo-et-Team-Evasion-1.jpg 1240w\" sizes=\"auto, (max-width: 724px) 100vw, 724px\" \/><\/figure>\n","protected":false},"excerpt":{"rendered":"<p>Pour r\u00e9gler votre cotisation vous pouvez le faire par ch\u00e8que (possibilit\u00e9 de deux ch\u00e8ques) ou par virement bancaire. Vous trouverez notre RIB sur la feuille d&rsquo;inscription. Feuille d&rsquo;inscription<\/p>\n","protected":false},"author":2,"featured_media":0,"parent":249,"menu_order":3,"comment_status":"closed","ping_status":"closed","template":"","meta":{"site-container-style":"default","site-container-layout":"default","site-sidebar-layout":"default","disable-article-header":"default","disable-site-header":"default","disable-site-footer":"default","disable-content-area-spacing":"default","footnotes":""},"class_list":["post-256","page","type-page","status-publish","hentry"],"_links":{"self":[{"href":"https:\/\/www.budoclub.fr\/blog\/wp-json\/wp\/v2\/pages\/256","targetHints":{"allow":["GET"]}}],"collection":[{"href":"https:\/\/www.budoclub.fr\/blog\/wp-json\/wp\/v2\/pages"}],"about":[{"href":"https:\/\/www.budoclub.fr\/blog\/wp-json\/wp\/v2\/types\/page"}],"author":[{"embeddable":true,"href":"https:\/\/www.budoclub.fr\/blog\/wp-json\/wp\/v2\/users\/2"}],"replies":[{"embeddable":true,"href":"https:\/\/www.budoclub.fr\/blog\/wp-json\/wp\/v2\/comments?post=256"}],"version-history":[{"count":4,"href":"https:\/\/www.budoclub.fr\/blog\/wp-json\/wp\/v2\/pages\/256\/revisions"}],"predecessor-version":[{"id":912,"href":"https:\/\/www.budoclub.fr\/blog\/wp-json\/wp\/v2\/pages\/256\/revisions\/912"}],"up":[{"embeddable":true,"href":"https:\/\/www.budoclub.fr\/blog\/wp-json\/wp\/v2\/pages\/249"}],"wp:attachment":[{"href":"https:\/\/www.budoclub.fr\/blog\/wp-json\/wp\/v2\/media?parent=256"}],"curies":[{"name":"wp","href":"https:\/\/api.w.org\/{rel}","templated":true}]}}